{"id":2,"date":"2022-08-27T09:24:39","date_gmt":"2022-08-27T09:24:39","guid":{"rendered":"http:\/\/juty.fi\/?page_id=2"},"modified":"2023-08-07T13:19:03","modified_gmt":"2023-08-07T13:19:03","slug":"sample-page","status":"publish","type":"page","link":"http:\/\/juty.fi\/?page_id=2","title":{"rendered":"JUTY"},"content":{"rendered":"\n<p>J\u00e4rvenp\u00e4\u00e4n Urheilun Tukiyhdistys (JUTY) toimii j\u00e4rvenp\u00e4np\u00e4\u00e4l\u00e4isen urheilun ja liikunnan puolesta. Yhdistys j\u00e4rjest\u00e4\u00e4 tapahtumia, tilaisuuksia ja koulutuksia sek\u00e4 tiedottaa j\u00e4rvenp\u00e4\u00e4l\u00e4isest\u00e4 urheilusta kootusti. <\/p>\n\n\n\n<p>Yhdistyksen tavoitteena on tarjota urheiluseuroille sellaisia palveluita ja n\u00e4kyvyytt\u00e4, joiden saavutettavuus itsen\u00e4isesti on kallista ja haastavaa.<\/p>\n\n\n\n<p>JUTY j\u00e4rjest\u00e4\u00e4 urheilutapahtumia yhdess\u00e4 seurojen kanssa, joiden tavoitteena on tehd\u00e4 eri lajeja tutuksi, hankkia seuroille lis\u00e4\u00e4 j\u00e4seni\u00e4 ja l\u00f6yt\u00e4\u00e4 J\u00e4rvenp\u00e4\u00e4n Mestareita eri lajeissa.<br>Tiedottaa j\u00e4senseurojensa tapahtumista kootusti yhdell\u00e4 alustalla, mik\u00e4 helpottaa ihmisten tiedonsaantia.<br>Tarjoaa edullista tai ilmaista koulutusta j\u00e4senseurojensa j\u00e4senille.<br>Tekee yhteisty\u00f6t\u00e4 yksityisten ja kunnallisten liikuntapaikkojen kanssa ja tarjoaa v\u00e4yl\u00e4n tutustua n\u00e4ihin paikkoihin edullisten tai ilmaisten tapahtumien kautta.<\/p>\n\n\n\n<blockquote class=\"wp-block-quote is-layout-flow wp-block-quote-is-layout-flow\"><p>JUTYn perustaminen l\u00e4hti ajatuksesta, jossa halutaan madaltaa ihmisten kynnyst\u00e4 monipuoliseen liikkumiseen.<\/p><cite>Riku Autio<\/cite><\/blockquote>\n\n\n\n<p>Tule mukaan toimintaan! Ota yhteytt\u00e4 riku.autio@gmail.com<\/p>\n","protected":false},"excerpt":{"rendered":"<p>J\u00e4rvenp\u00e4\u00e4n Urheilun Tukiyhdistys (JUTY) toimii j\u00e4rvenp\u00e4np\u00e4\u00e4l\u00e4isen urheilun ja liikunnan puolesta. Yhdistys j\u00e4rjest\u00e4\u00e4 tapahtumia, tilaisuuksia ja koulutuksia sek\u00e4 tiedottaa j\u00e4rvenp\u00e4\u00e4l\u00e4isest\u00e4 urheilusta kootusti. Yhdistyksen tavoitteena on tarjota urheiluseuroille sellaisia palveluita ja n\u00e4kyvyytt\u00e4, joiden saavutettavuus itsen\u00e4isesti on kallista ja haastavaa. JUTY j\u00e4rjest\u00e4\u00e4 urheilutapahtumia yhdess\u00e4 seurojen kanssa, joiden tavoitteena on tehd\u00e4 eri lajeja tutuksi, hankkia seuroille lis\u00e4\u00e4 j\u00e4seni\u00e4 ja&hellip;&nbsp;<a href=\"http:\/\/juty.fi\/?page_id=2\" class=\"\" rel=\"bookmark\">Read More &raquo;<span class=\"screen-reader-text\">JUTY<\/span><\/a><\/p>\n","protected":false},"author":1,"featured_media":0,"parent":0,"menu_order":0,"comment_status":"closed","ping_status":"open","template":"","meta":{"om_disable_all_campaigns":false,"_monsterinsights_skip_tracking":false,"_monsterinsights_sitenote_active":false,"_monsterinsights_sitenote_note":"","_monsterinsights_sitenote_category":0,"neve_meta_sidebar":"","neve_meta_container":"","neve_meta_enable_content_width":"","neve_meta_content_width":0,"neve_meta_title_alignment":"","neve_meta_author_avatar":"","neve_post_elements_order":"","neve_meta_disable_header":"","neve_meta_disable_footer":"","neve_meta_disable_title":"","footnotes":""},"class_list":["post-2","page","type-page","status-publish","hentry"],"aioseo_notices":[],"_links":{"self":[{"href":"http:\/\/juty.fi\/index.php?rest_route=\/wp\/v2\/pages\/2","targetHints":{"allow":["GET"]}}],"collection":[{"href":"http:\/\/juty.fi\/index.php?rest_route=\/wp\/v2\/pages"}],"about":[{"href":"http:\/\/juty.fi\/index.php?rest_route=\/wp\/v2\/types\/page"}],"author":[{"embeddable":true,"href":"http:\/\/juty.fi\/index.php?rest_route=\/wp\/v2\/users\/1"}],"replies":[{"embeddable":true,"href":"http:\/\/juty.fi\/index.php?rest_route=%2Fwp%2Fv2%2Fcomments&post=2"}],"version-history":[{"count":3,"href":"http:\/\/juty.fi\/index.php?rest_route=\/wp\/v2\/pages\/2\/revisions"}],"predecessor-version":[{"id":38,"href":"http:\/\/juty.fi\/index.php?rest_route=\/wp\/v2\/pages\/2\/revisions\/38"}],"wp:attachment":[{"href":"http:\/\/juty.fi\/index.php?rest_route=%2Fwp%2Fv2%2Fmedia&parent=2"}],"curies":[{"name":"wp","href":"https:\/\/api.w.org\/{rel}","templated":true}]}}